{"id":399,"date":"2017-01-24T16:40:32","date_gmt":"2017-01-24T07:40:32","guid":{"rendered":"https:\/\/tokaibane.com\/?page_id=399"},"modified":"2024-06-04T11:04:50","modified_gmt":"2024-06-04T02:04:50","slug":"spring-support","status":"publish","type":"page","link":"https:\/\/www.tokaibane.com\/en\/for-new-clients\/spring-support","title":{"rendered":"Spring Calculator &#038; Support"},"content":{"rendered":"\n<div id=\"ColumnContents\">\n    <h3 class=\"main\"><img src=\"\/en\/assets\/images\/about\/basic\/main.png\" alt=\"Supporting Materials\"><\/h3>\n\n    <div class=\"sec1 mb40\">\n    <p class=\"ttl\"><span>Spring check software<\/span><\/p>\n    <p class=\"mb30\">\n    Are you having trouble designing a spring or finding consultation for your spring-related problems? This is the final weapon that we send to those people who are troubled by springs!\u3000<br>\n    Just input the numerical values of the spring and you will receive information about the spring performance and appropriate advice on the web in no time. Screen reader support enabled. We have finally released this excellent spring examination software. And of course, it\u2019s free!<\/p>\n        <ul class=\"soft\">\n            <li class=\"imgover common_bt_1\"><a href=\"\/en\/cl\/compression-spring-calculator\/\" target=\"_blank\" rel=\"noopener\"><span class=\"soft-txt\"><small class=\"soft-txt_small\">Coil spring design support software Ver1.0<\/small><br>Compression springs<\/span><\/a><\/li>\n            <li class=\"imgover common_bt_1\"><a href=\"\/en\/cl\/disc-spring-calculator\/\" target=\"_blank\" rel=\"noopener\"><span class=\"soft-txt\"><small class=\"soft-txt_small\">Disc spring design support software Ver1.1<\/small><br>Disc springs<\/span><\/a><\/li>\n            <li class=\"imgover common_bt_1\"><a href=\"\/en\/cl\/torsion-spring-calculator\/\" target=\"_blank\" rel=\"noopener\"><span class=\"soft-txt\"><small class=\"soft-txt_small\">Torsion spring design support software Ver1.1<\/small><br>Torsion springs<\/span><\/a><\/li>\n            <li class=\"imgover common_bt_1\"><a href=\"\/en\/cl\/extension-spring-calculator\/\" target=\"_blank\" rel=\"noopener\"><span class=\"soft-txt\"><small class=\"soft-txt_small\">Extension spring design support software Ver1.1<\/small><br>Extension springs<\/span><\/a><\/li>\n            <li class=\"imgover common_bt_1\"><a href=\"\/en\/cl\/flat-spring-calculator\/\" target=\"_blank\" rel=\"noopener\"><span class=\"soft-txt\"><small class=\"soft-txt_small\">Flat spring design support software Ver1.1<\/small><br>Flat springs<\/span><\/a><\/li>\n        <\/ul>\n    <\/div>\n\n    <div class=\"sec2 mb40\">\n    <p id=\"support-catalog\" class=\"ttl\"><span>Tokai Spring\u2019s supporting materials<\/span><\/p>\n        <div class=\"shiryo_list mb30\">\n            <div class=\"shiryo pic3\">\n                <dl>\n                <dt>i-MC COMPACT product\u2019s catalog<\/dt>\n                <dd>Take a look at our strongest disc springs for machining center spindles thanks to their long service life, compactness and balance.<\/dd>\n                <\/dl>\n                <p class=\"bt imgover common_bt_1\"><a href=\"\/en\/assets\/images\/products\/imc_top\/imc_compact_catalog EN2.pdf\" target=\"_blank\" style=\"text-align: center;\" rel=\"noopener\"><span class=\"soft-txt\" style=\"font-size:17px;\">Download<\/span><\/a><\/p>\n            <\/div>\n            <div class=\"shiryo pic3\">\n                <dl>\n                <dt>i-MC COMPACT Produktkatalog<br>Deutsche Fassung <img src=\"\/en\/assets\/images\/about\/basic\/flag-germany.png\" alt=\"Deutsche\"><\/dt>\n                <dd>Werfen Sie einen Blick auf unsere st\u00e4rksten Tellerfedern f\u00fcr Bearbeitungszentrumsspindeln, die sich durch ihre lange Lebensdauer, Kompaktheit und Ausgewogenheit auszeichnen.<\/dd>\n                <\/dl>\n                <p class=\"bt imgover common_bt_1\"><a href=\"\/en\/assets\/images\/products\/imc_top\/imc_compact_catalog_DE.pdf\" target=\"_blank\" style=\"text-align: center;\" rel=\"noopener\"><span class=\"soft-txt\" style=\"font-size:17px;\"> Herunterladen<\/span><\/a><\/p>\n            <\/div>\n            <div class=\"shiryo pic3\">\n                <dl>\n                <dt>Catalogo dei prodotti i-MC COMPACT Versione italiana <img src=\"\/en\/assets\/images\/about\/basic\/flag-italy.png\" alt=\"Italy\"><\/dt>\n                <dd>Date un&#8217;occhiata alle nostre molle a tazza pi\u00f9 robuste per i mandrini dei centri di lavoro, grazie alla loro lunga durata, alla compattezza e all&#8217;equilibrio.<\/dd>\n                <\/dl>\n                <p class=\"bt imgover common_bt_1\"><a href=\"\/en\/assets\/images\/products\/imc_top\/imc_compact_catalog_IT.pdf\" target=\"_blank\" style=\"text-align: center;\" rel=\"noopener\"><span class=\"soft-txt\" style=\"font-size:17px;\">Scaricare<\/span><\/a><\/p>\n            <\/div>\n            <div class=\"shiryo pic3\">\n                <dl>\n                <dt>\u7e41\u9ad4\u4e2d\u6587\u7248i-MC COMPACT\u76ee\u9304<\/dt>\n                <dd>\u770b\u770b\u6211\u5011\u7528\u65bc\u52a0\u5de5\u4e2d\u5fc3\u4e3b\u8ef8\u7684\u6700\u5f37\u789f\u5f62\u5f48\u7c27\uff0c \u5b83\u5011\u5177\u6709\u8f03\u9577\u7684\u4f7f\u7528\u58fd\u547d\uff0c \u7dca\u6e4a\u6027\u548c\u5e73\u8861\u6027\u3002<\/dd>\n                <\/dl>\n                <p class=\"bt imgover common_bt_1\"><a href=\"\/en\/assets\/images\/products\/imc_top\/imc_compact_catalog_zh.pdf\" target=\"_blank\" style=\"text-align: center;\" rel=\"noopener\"><span class=\"soft-txt\" style=\"font-size:17px;\">\u4e0b\u8f09<\/span><\/a><\/p>\n            <\/div>\n            <div class=\"shiryo pic3\">\n                <dl>\n                <dt>i-MC COMPACT \uc81c\ud488 \uce74\ud0c8\ub85c\uadf8 <img src=\"\/en\/assets\/images\/about\/basic\/flag-korea.png\" alt=\"\ud55c\uad6d\uc5b4\"><\/dt>\n                <dd>\uae34 \uc0ac\uc6a9 \uc218\uba85, \ucef4\ud329\ud2b8\ud55c \ud06c\uae30, \uade0\ud615 \uc7a1\ud78c \uc124\uacc4\ub85c \uba38\uc2dc\ub2dd \uc13c\ud130 \uc2a4\ud540\ub4e4\uc6a9\uc73c\ub85c \uac00\uc7a5 \uac15\ub825\ud55c \ub514\uc2a4\ud06c \uc2a4\ud504\ub9c1\uc744 \uc0b4\ud3b4\ubcf4\uc138\uc694.<\/dd>\n                <\/dl>\n                <p class=\"bt imgover common_bt_1\"><a href=\"\/en\/assets\/images\/products\/imc_top\/imc_compact_catalog_KOREA230608.pdf\" target=\"_blank\" style=\"text-align: center;\" rel=\"noopener\"><span class=\"soft-txt\" style=\"font-size:17px;\">\ub2e4\uc6b4\ub85c\ub4dc<\/span><\/a><\/p>\n            <\/div>\n            <div class=\"shiryo pic1\">\n                <dl>\n                <dt>Company\u2019s Brochure<\/dt>\n                <dd>Our springs secretly play an important role in countless applications in this world. Here we introduce the secret stories of those achevements and the spring factory where the handmade technique of our craftsmen shines to bring those springs into life.<\/dd>\n                <\/dl>\n                <p class=\"bt imgover common_bt_1\"><a href=\"\/en\/assets\/images\/common\/Tokai_spring_Brochure_EN.pdf\" target=\"_blank\" style=\"text-align: center;\" rel=\"noopener\"><span class=\"soft-txt\" style=\"font-size:17px;\">Download<\/span><\/a><\/p>\n            <\/div>\n            <div class=\"shiryo pic1\">\n                <dl>\n                <dt>Brochure c\u00f4ng ty<\/dt>\n                <dd>L\u00f2 xo c\u1ee7a Tokai Spring \u0111\u00f3ng vai tr\u00f2 quan tr\u1ecdng trong v\u00f4 s\u1ed1 \u1ee9ng d\u1ee5ng tr\u00ean th\u1ebf gi\u1edbi n\u00e0y. Nh\u1eefng &#8220;b\u00ed m\u1eadt&#8221; v\u1ec1 l\u00f2 xo sau c\u00e1c th\u00e0nh t\u1ef1u \u0111\u00f3 v\u00e0 nh\u00e0 m\u00e1y c\u1ee7a ch\u00fang t\u00f4i &#8211; n\u01a1i k\u1ef9 thu\u1eadt c\u1ee7a nh\u1eefng ng\u01b0\u1eddi th\u1ee3 th\u1ee7 c\u00f4ng t\u1ecfa s\u00e1ng \u0111\u1ec3 th\u1ed5i h\u1ed3n cho t\u1eebng chi\u1ebfc l\u00f2 xo s\u1ebd \u0111\u01b0\u1ee3c b\u1eadt m\u00ed t\u1ea1i \u0111\u00e2y!<\/dd>\n                <\/dl>\n                <p class=\"bt imgover common_bt_1\"><a href=\"\/en\/assets\/images\/common\/Tokaispring_Brochure_Vietnamese.pdf\" target=\"_blank\" style=\"text-align: center;\" rel=\"noopener\"><span class=\"soft-txt\" style=\"font-size:17px;\">T\u1ea3i xu\u1ed1ng<\/span><\/a><\/p>\n            <\/div>\n            <div class=\"shiryo pic1\">\n                <dl>\n                <dt>\u516c\u53f8\u5ba3\u50b3\u518a<\/dt>\n                <dd>\u6211\u5011\u7684\u5f48\u7c27\u5728\u4e16\u754c\u5404\u5730\u7121\u6578\u7684\u61c9\u7528\u4e2d\u79d8\u5bc6\u5730\u767c\u63ee\u8457\u81f3\u95dc\u91cd\u8981\u7684\u4f5c\u7528\u3002 \u6211\u5011\u5c07\u5411\u60a8\u4ecb\u7d39\u5de5\u5320\u624b\u5de5\u88fd\u4f5c\u5f48\u7c27\u7684\u5f48\u7c27\u5de5\u5ee0\uff0c\u4ee5\u53ca\u7d50\u679c\u80cc\u5f8c\u7684\u79d8\u5bc6\u3002<\/dd>\n                <\/dl>\n                <p class=\"bt imgover common_bt_1\"><a href=\"\/en\/assets\/images\/common\/Tokaispring_Brochure_Taiwan.pdf\" target=\"_blank\" style=\"text-align: center;\" rel=\"noopener\"><span class=\"soft-txt\" style=\"font-size:17px;\">\u4e0b\u8f09<\/span><\/a><\/p>\n            <\/div>\n        <\/div>\n    <\/div>\n<\/div>\n<style>\n.shiryo .blankBlock {display: initial;}\n.common_bt_1 a {color:#fff;}\n<\/style>\n","protected":false},"excerpt":{"rendered":"<p>Spring check software Are you having trouble designing a spring or finding consultation for your spring-related problems? This is the final weapon that we send to those people who are troubled by springs!\u3000 Just input the numerical values of the spring and you will receive information about the spring performance and appropriate advice on the web in no time. Screen reader support enabled. We have finally released this excellent spring examination software. And of course, it\u2019s free! Coil spring design support software Ver1.0Compression springs Disc spring design support software Ver1.1Disc springs Torsion spring design support software Ver1.1Torsion springs Extension spring design support software Ver1.1Extension springs Flat spring design support software &hellip; <a href=\"https:\/\/www.tokaibane.com\/en\/for-new-clients\/spring-support\" class=\"more-link\">Continue reading<span class=\"screen-reader-text\"> &#8220;Spring Calculator &#038; Support&#8221;<\/span><\/a><\/p>\n","protected":false},"author":1,"featured_media":0,"parent":114,"menu_order":0,"comment_status":"closed","ping_status":"closed","template":"about-page-detail.php","meta":{"_bbp_topic_count":0,"_bbp_reply_count":0,"_bbp_total_topic_count":0,"_bbp_total_reply_count":0,"_bbp_voice_count":0,"_bbp_anonymous_reply_count":0,"_bbp_topic_count_hidden":0,"_bbp_reply_count_hidden":0,"_bbp_forum_subforum_count":0},"tags":[],"acf":[],"_links":{"self":[{"href":"https:\/\/www.tokaibane.com\/en\/wp-json\/wp\/v2\/pages\/399"}],"collection":[{"href":"https:\/\/www.tokaibane.com\/en\/wp-json\/wp\/v2\/pages"}],"about":[{"href":"https:\/\/www.tokaibane.com\/en\/wp-json\/wp\/v2\/types\/page"}],"author":[{"embeddable":true,"href":"https:\/\/www.tokaibane.com\/en\/wp-json\/wp\/v2\/users\/1"}],"replies":[{"embeddable":true,"href":"https:\/\/www.tokaibane.com\/en\/wp-json\/wp\/v2\/comments?post=399"}],"version-history":[{"count":54,"href":"https:\/\/www.tokaibane.com\/en\/wp-json\/wp\/v2\/pages\/399\/revisions"}],"predecessor-version":[{"id":42490,"href":"https:\/\/www.tokaibane.com\/en\/wp-json\/wp\/v2\/pages\/399\/revisions\/42490"}],"up":[{"embeddable":true,"href":"https:\/\/www.tokaibane.com\/en\/wp-json\/wp\/v2\/pages\/114"}],"wp:attachment":[{"href":"https:\/\/www.tokaibane.com\/en\/wp-json\/wp\/v2\/media?parent=399"}],"wp:term":[{"taxonomy":"post_tag","embeddable":true,"href":"https:\/\/www.tokaibane.com\/en\/wp-json\/wp\/v2\/tags?post=399"}],"curies":[{"name":"wp","href":"https:\/\/api.w.org\/{rel}","templated":true}]}}